{"id":16,"date":"2010-04-03T16:08:07","date_gmt":"2010-04-03T14:08:07","guid":{"rendered":"http:\/\/www.nsv-tt.de\/?page_id=16"},"modified":"2023-06-28T10:37:20","modified_gmt":"2023-06-28T08:37:20","slug":"links","status":"publish","type":"page","link":"https:\/\/nsv-tt.de\/?page_id=16","title":{"rendered":"Links"},"content":{"rendered":"<p><strong>Hinweis zu Externen Links:<\/strong><br \/>Mit dem Urteil vom 12. Mai 1998 &#8211; 312 O 85\/98, &#8222;Haftung f\u00fcr Links&#8220; hat das Landgericht (LG) Hamburg entschieden, dass man durch die Anbringung eines Links, die Inhalte der gelinkten Seite ggf. mit zu verantworten hat. Dies kann -so das LG- nur dadurch verhindert werden, dass man sich ausdr\u00fccklich von diesen Inhalten distanziert.<br \/>Hiermit distanzieren wir uns ausdr\u00fccklich von allen Inhalten aller gelinkten Seiten auf unserer Homepage. Diese Erkl\u00e4rung gilt f\u00fcr f\u00fcr alle auf unserer Homepage angebrachten Links.<\/p>\n<table border=\"0\" width=\"900\">\n<tbody>\n<tr>\n<td width=\"250\">Verb\u00e4nde<\/td>\n<td width=\"320\">International TT Federation (ITTF)<\/td>\n<td width=\"330\"><a href=\"http:\/\/www.ittf.com\/\" target=\"_blank\" rel=\"noopener\">www.ittf.com<\/a><\/td>\n<\/tr>\n<tr>\n<td>\u00a0<\/td>\n<td>European TT Union (ETTU)<\/td>\n<td><a href=\"http:\/\/www.ettu.org\/\" target=\"_blank\" rel=\"noopener\">www.ettu.org<\/a><\/td>\n<\/tr>\n<tr>\n<td>\u00a0<\/td>\n<td>Deutscher TT Bund (DTTB)<\/td>\n<td><a href=\"http:\/\/www.tischtennis.de\/aktuelles\" target=\"_blank\" rel=\"noopener\">www.tischtennis.de\/aktuelles\/<\/a><\/td>\n<\/tr>\n<tr>\n<td>\u00a0<\/td>\n<td>Th\u00fcringer Tischtennisverband<\/td>\n<td><a href=\"http:\/\/www.tttv.info\/\" target=\"_blank\" rel=\"noopener\">www.<strong>tttv<\/strong>.info<\/a><\/td>\n<\/tr>\n<tr>\n<td>\u00a0<\/td>\n<td>\u00a0<\/td>\n<td>\u00a0<\/td>\n<\/tr>\n<tr>\n<td>TT &#8211; Versandhandel<\/td>\n<td>sch\u00f6ler-micke<\/td>\n<td><a href=\"http:\/\/www.schoeler-micke.tabletennis-shop.de\/\" target=\"_blank\" rel=\"noopener\">www.schoeler-micke.de<\/a><\/td>\n<\/tr>\n<tr>\n<td>\u00a0<\/td>\n<td>Sport Schreiner Tischtennis<\/td>\n<td><a href=\"http:\/\/www.sport-schreiner-tischtennis.de\/\" target=\"_blank\" rel=\"noopener\">www.sport-schreiner-tischtennis.de<\/a><\/td>\n<\/tr>\n<tr>\n<td>\u00a0<\/td>\n<td>Contra<\/td>\n<td><a href=\"http:\/\/www.contra.de\/\" target=\"_blank\" rel=\"noopener\">www.contra.de<\/a><\/td>\n<\/tr>\n<tr>\n<td>\u00a0<\/td>\n<td>\u00a0<\/td>\n<td>\u00a0<\/td>\n<\/tr>\n<tr>\n<td>weitere interessante TT-Links<\/td>\n<td>Tischtennis pur &#8211; das Tischtennis Portal<\/td>\n<td><a href=\"http:\/\/www.ttpur.de\/\" target=\"_blank\" rel=\"noopener\">www.ttpur.de<\/a><\/td>\n<\/tr>\n<tr>\n<td>\u00a0<\/td>\n<td>TT-News<\/td>\n<td><a href=\"http:\/\/www.tt-news.de\/\" target=\"_blank\" rel=\"noopener\">www.tt-news.de<\/a><\/td>\n<\/tr>\n<tr>\n<td>\u00a0<\/td>\n<td>TT-Tools<\/td>\n<td><a href=\"http:\/\/www.tt-tools.de\/\" target=\"_blank\" rel=\"noopener\">www.tt-tools.de<\/a><\/td>\n<\/tr>\n<\/tbody>\n<\/table>\n\n\n<p><\/p>\n","protected":false},"excerpt":{"rendered":"<p>Hinweis zu Externen Links:Mit dem Urteil vom 12. Mai 1998 &#8211; 312 O 85\/98, &#8222;Haftung f\u00fcr Links&#8220; hat das Landgericht (LG) Hamburg entschieden, dass man durch die Anbringung eines Links, die Inhalte der gelinkten Seite ggf. mit zu verantworten hat. Dies kann -so das LG- nur dadurch verhindert werden, dass&#8230; <a class=\"continue-reading-link\" href=\"https:\/\/nsv-tt.de\/?page_id=16\">Continue reading<\/a><\/p>\n","protected":false},"author":1,"featured_media":0,"parent":0,"menu_order":6,"comment_status":"open","ping_status":"closed","template":"","meta":{"footnotes":""},"class_list":["post-16","page","type-page","status-publish","hentry"],"_links":{"self":[{"href":"https:\/\/nsv-tt.de\/index.php?rest_route=\/wp\/v2\/pages\/16","targetHints":{"allow":["GET"]}}],"collection":[{"href":"https:\/\/nsv-tt.de\/index.php?rest_route=\/wp\/v2\/pages"}],"about":[{"href":"https:\/\/nsv-tt.de\/index.php?rest_route=\/wp\/v2\/types\/page"}],"author":[{"embeddable":true,"href":"https:\/\/nsv-tt.de\/index.php?rest_route=\/wp\/v2\/users\/1"}],"replies":[{"embeddable":true,"href":"https:\/\/nsv-tt.de\/index.php?rest_route=%2Fwp%2Fv2%2Fcomments&post=16"}],"version-history":[{"count":5,"href":"https:\/\/nsv-tt.de\/index.php?rest_route=\/wp\/v2\/pages\/16\/revisions"}],"predecessor-version":[{"id":38707,"href":"https:\/\/nsv-tt.de\/index.php?rest_route=\/wp\/v2\/pages\/16\/revisions\/38707"}],"wp:attachment":[{"href":"https:\/\/nsv-tt.de\/index.php?rest_route=%2Fwp%2Fv2%2Fmedia&parent=16"}],"curies":[{"name":"wp","href":"https:\/\/api.w.org\/{rel}","templated":true}]}}